{"id":116,"date":"2017-05-08T22:07:17","date_gmt":"2017-05-08T20:07:17","guid":{"rendered":"http:\/\/henkinbrothers.com\/?page_id=116"},"modified":"2017-06-20T13:11:30","modified_gmt":"2017-06-20T11:11:30","slug":"about","status":"publish","type":"page","link":"https:\/\/henkinbrothers.com\/de\/about\/","title":{"rendered":"Archiv"},"content":{"rendered":"<p><span style=\"font-family: Maax;\"><strong>Das Archiv der Br\u00fcder Henkin<\/strong> ist eine k\u00fcrzlich entdeckte Sammlung von Fotografien, die in den 1930er Jahren von den Br\u00fcdern Evgeny und Jakow Henkin in Leningrad (heute St. Petersburg), Russland und in Berlin, Deutschland, aufgenommen und teilweise gedruckt wurden.<\/span><\/p>\n<p><span style=\"font-family: Maax;\">\u00dcber 70 Jahre lang verstaubten die Kisten mit Filmrollen unber\u00fchrt in der Leningrader Wohnung von Jakow Henkins Familie. Dank neuer Technologien wurde es nach 2011 m\u00f6glich, Tausende von Negativen zu digitalisieren und so das Werk der Br\u00fcder ans Tageslicht zu holen.<\/span><\/p>\n<p><span style=\"font-family: Maax;\">W\u00e4hrend dieser Arbeit zeigte sich, da\u00df das Archiv der Br\u00fcder Henkin eine einzigartige Sammlung von Fotografien des 20. Jahrhunderts darstellt und einen wichtigen Beitrag zum kulturellen und historischen Erbe liefert.<\/span><\/p>\n<p><strong><span style=\"font-family: Maax;\">Die Fotografen<br \/>\n<\/span><\/strong><span style=\"font-family: Maax;\">Evgeny und Jakow Henkin wurden 1900 und 1903 in einer wohlhabenden j\u00fcdischen Familie in Rostow am Don im europ\u00e4ischen S\u00fcden des russischen Reiches geboren. Ihr Vater Alexander, ein erfolgreicher Gesch\u00e4ftsmann, war der Bruder von Wladimir und Viktor Henkin, die in der Sowjetunion als Schauspieler bekannt wurden.<\/span><\/p>\n<p><span style=\"font-family: Maax;\">Die Oktoberrevolution von 1917 hat das Leben der Familie vollkommen ver\u00e4ndert. Evgeny zog nach Deutschland und lebte von 1926 bis 1936 in Berlin. Jakow zog mit seiner Frau Frida, ihrer Tochter Galina und seiner und Evgenys j\u00fcngeren Schwester Sophia nach Leningrad und lie\u00df sich dort nieder.<\/span><\/p>\n<p><span style=\"font-family: Maax;\">Die Br\u00fcder waren keine ausgebildeten Fotografen, , beide waren talentierte Amateure. Jakow war ausgebildeter \u00d6konom, Evgeny war Musiker und spielte Theremin, ein bahnbrechendes fr\u00fches elektronisches Instrument. Die Fotos sind ein Beweis des gro\u00dfen kreativen Talents der Henkin-Br\u00fcder sowie eine bewegende Chronik ihrer Zeit und ihrer Umgebungen.<\/span><\/p>\n<p><span style=\"font-family: Maax;\">Wahrscheinlich als Reaktion auf die wachsende antisemitische Gewalt in Nazi-Deutschland, kehrte der \u00e4ltere Bruder Evgeny im Jahr 1936 in die Sowjetunion zur\u00fcck, Dort wurde er Ende 1937, auf dem H\u00f6hepunkt stalinistischer S\u00e4uberungen, von der sowjetischen Geheimpolizei als deutscher Spion verhaftet und im Januar 1938 erschossen. Im Jahr 1941, kurz nach dem deutschen Einmarsch in die Sowjetunion, fiel Jakow an der Leningrader Front.<\/span><\/p>\n<p><strong><span style=\"font-family: Maax;\">The Henkin Brothers Archive Association<br \/>\n<\/span><\/strong><span style=\"font-family: Maax;\">Um eine organisatorische und institutionelle Unterst\u00fctzung des Archivs zu sichern, wurde Ende 2016 in Lausanne, Schweiz, nach schweizerischem Recht ein gemeinn\u00fctziger Verein &#8222;Henkin Brothers Archive&#8220; geschaffen. Das Hauptziel des Vereins ist die Erforschung, Erhaltung und F\u00f6rderung des Archivs.<\/span><\/p>\n<p><span style=\"font-family: Maax;\">Der Verein zielt darauf ab, das kreative Erbe der Br\u00fcder Henkin im kulturellen und historischen Kontext des 20. Jahrhunderts als einen bedeutenden und bisher unbekannten Beitrag zur fotografischen Kunst und Kulturgeschichte zur Geltung zu bringen.<\/span><\/p>","protected":false},"excerpt":{"rendered":"<p>Das Archiv der Br\u00fcder Henkin ist eine k\u00fcrzlich entdeckte Sammlung von Fotografien, die in den 1930er Jahren von den Br\u00fcdern Evgeny und Jakow Henkin in Leningrad (heute St. Petersburg), Russland und in Berlin, Deutschland, aufgenommen und teilweise gedruckt wurden. \u00dcber 70 Jahre lang verstaubten die Kisten mit Filmrollen unber\u00fchrt in der Leningrader Wohnung von Jakow &hellip; <a href=\"https:\/\/henkinbrothers.com\/de\/about\/\" class=\"more-link\"><span class=\"screen-reader-text\">Archiv<\/span> weiterlesen<\/a><\/p>\n","protected":false},"author":1,"featured_media":0,"parent":0,"menu_order":0,"comment_status":"closed","ping_status":"closed","template":"","meta":{"_exactmetrics_skip_tracking":false,"_exactmetrics_sitenote_active":false,"_exactmetrics_sitenote_note":"","_exactmetrics_sitenote_category":0,"footnotes":""},"class_list":["post-116","page","type-page","status-publish","hentry"],"aioseo_notices":[],"_links":{"self":[{"href":"https:\/\/henkinbrothers.com\/de\/wp-json\/wp\/v2\/pages\/116","targetHints":{"allow":["GET"]}}],"collection":[{"href":"https:\/\/henkinbrothers.com\/de\/wp-json\/wp\/v2\/pages"}],"about":[{"href":"https:\/\/henkinbrothers.com\/de\/wp-json\/wp\/v2\/types\/page"}],"author":[{"embeddable":true,"href":"https:\/\/henkinbrothers.com\/de\/wp-json\/wp\/v2\/users\/1"}],"replies":[{"embeddable":true,"href":"https:\/\/henkinbrothers.com\/de\/wp-json\/wp\/v2\/comments?post=116"}],"version-history":[{"count":31,"href":"https:\/\/henkinbrothers.com\/de\/wp-json\/wp\/v2\/pages\/116\/revisions"}],"predecessor-version":[{"id":161,"href":"https:\/\/henkinbrothers.com\/de\/wp-json\/wp\/v2\/pages\/116\/revisions\/161"}],"wp:attachment":[{"href":"https:\/\/henkinbrothers.com\/de\/wp-json\/wp\/v2\/media?parent=116"}],"curies":[{"name":"wp","href":"https:\/\/api.w.org\/{rel}","templated":true}]}}