{"id":116,"date":"2017-05-08T22:07:17","date_gmt":"2017-05-08T20:07:17","guid":{"rendered":"http:\/\/henkinbrothers.com\/?page_id=116"},"modified":"2017-06-20T13:11:30","modified_gmt":"2017-06-20T11:11:30","slug":"about","status":"publish","type":"page","link":"https:\/\/henkinbrothers.com\/fr\/about\/","title":{"rendered":"A propos"},"content":{"rendered":"<p><span style=\"font-family: Maax;\"><strong>Les Archives des fr\u00e8res Henkin<\/strong> sont une collection r\u00e9cemment d\u00e9couverte de photographies prises dans les ann\u00e9es 1920 et 1930 par Evgeny et Yakov Henkin, \u00e0 Saint-P\u00e9tersbourg et \u00e0 Berlin.<\/span><br \/>\n<span style=\"font-family: Maax;\">Apr\u00e8s 70 ans, tirages vintage et pellicules d\u2019origine ont \u00e9t\u00e9 exhum\u00e9s de cartons poussi\u00e9reux entrepos\u00e9s dans l\u2019appartement familial \u00e0 Leningrad. En 2012, la digitalisation de milliers de n\u00e9gatifs a permis de r\u00e9v\u00e9ler pour la premi\u00e8re fois le travail des deux fr\u00e8res.<\/span><\/p>\n<p><span style=\"font-family: Maax;\">Originale et sensible, leur contribution \u00e0 la photographie du 20\u00e8me si\u00e8cle rev\u00eat un caract\u00e8re patrimonial et historique unique.<\/span><\/p>\n<p><span style=\"font-family: Maax;\"><strong> Les photographes<\/strong><br \/>\n<\/span><span style=\"font-family: Maax;\">Evgeny et Yakov Henkin sont n\u00e9s respectivement en 1900 et 1903 dans une famille juive prosp\u00e8re de Rostov-sur-le-Don, au Sud-Ouest de l\u2019Empire Russe. Leur p\u00e8re Alexandre \u00e9tait un homme d\u2019affaire avis\u00e9 et leurs oncles Vladimir et de Victor furent de c\u00e9l\u00e8bres acteurs \u00e0 l\u2019\u00e9poque sovi\u00e9tique.<\/span><br \/>\n<span style=\"font-family: Maax;\">La R\u00e9volution d\u2019Octobre 1917 bouleversa la vie de la famille. Evgeny se rendit en Allemagne o\u00f9 il v\u00e9cut \u00e0 Berlin de 1926 \u00e0 1936. Yakov, sa femme Frida, leur fille Galina et la jeune s\u0153ur d\u2019Evgeny et Yakov, Sophia, s\u2019install\u00e8rent \u00e0 Leningrad.<\/span><\/p>\n<p><span style=\"font-family: Maax;\">Aucun des deux fr\u00e8res n\u2019est photographe de profession : ils sont l\u2019un et l\u2019autre des amateurs dou\u00e9s. Yakov est \u00e9conomiste et Evgeny musicien. Il joue du theremin, un instrument \u00e9lectronique pr\u00e9coce et r\u00e9volutionnaire. Les photographies t\u00e9moignent de leur immense talent en m\u00eame temps qu\u2019elles tiennent la chronique de leur vie, si pr\u00e9cocement interrompue. Elles apportent \u00e9galement un regard neuf sur leur \u00e9poque.<\/span><\/p>\n<p><span style=\"font-family: Maax;\">En 1936, vraisemblablement suite \u00e0 l\u2019augmentation des violences antis\u00e9mites dans l\u2019Allemagne nazie, l\u2019a\u00een\u00e9, Evgeny, retourna en Union Sovi\u00e9tique. Soup\u00e7onn\u00e9 d\u2019\u00eatre un espion allemand, arr\u00eat\u00e9 par la police secr\u00e8te sovi\u00e9tique \u00e0 la fin de l\u2019ann\u00e9e 1937, lors du pic des purges staliniennes, il fut ex\u00e9cut\u00e9 en janvier 1938. En 1941, Yakov s\u2019enr\u00f4la comme volontaire dans les semaines qui suivirent l\u2019invasion de l\u2019Union Sovi\u00e9tique par les Allemands. Il mourut sur le Front de Leningrad peu apr\u00e8s.<\/span><\/p>\n<p><strong><span style=\"font-family: Maax;\">L\u2019Association \u201cThe Henkin Brothers Archive\u201d<br \/>\n<\/span><\/strong><span style=\"font-family: Maax;\">Association sans but lucratif, \u201cThe Henkin Brothers Archive\u201d, enregistr\u00e9e fin 2016 \u00e0 Lausanne, est soumise au Droit Suisse. Elle a pour objectif principal l\u2019\u00e9tude, la pr\u00e9servation et la promotion du fonds d\u2019archives des fr\u00e8res Henkin<\/span><\/p>\n<p><span style=\"font-family: Maax;\">L\u2019association souhaite que l\u2019\u0153uvre des fr\u00e8res Henkin, bien qu\u2019inconnue jusqu\u2019\u00e0 ce jour, soit reconnue comme une contribution majeure \u00e0 l\u2019art photographique et \u00e0 l\u2019histoire culturelle du 20\u00e8me si\u00e8cle.<\/span><\/p>","protected":false},"excerpt":{"rendered":"<p>Les Archives des fr\u00e8res Henkin sont une collection r\u00e9cemment d\u00e9couverte de photographies prises dans les ann\u00e9es 1920 et 1930 par Evgeny et Yakov Henkin, \u00e0 Saint-P\u00e9tersbourg et \u00e0 Berlin. Apr\u00e8s 70 ans, tirages vintage et pellicules d\u2019origine ont \u00e9t\u00e9 exhum\u00e9s de cartons poussi\u00e9reux entrepos\u00e9s dans l\u2019appartement familial \u00e0 Leningrad. En 2012, la digitalisation de milliers &hellip; <a href=\"https:\/\/henkinbrothers.com\/fr\/about\/\" class=\"more-link\">Continuer la lecture de <span class=\"screen-reader-text\">A propos<\/span><\/a><\/p>\n","protected":false},"author":1,"featured_media":0,"parent":0,"menu_order":0,"comment_status":"closed","ping_status":"closed","template":"","meta":{"_exactmetrics_skip_tracking":false,"_exactmetrics_sitenote_active":false,"_exactmetrics_sitenote_note":"","_exactmetrics_sitenote_category":0,"footnotes":""},"class_list":["post-116","page","type-page","status-publish","hentry"],"aioseo_notices":[],"_links":{"self":[{"href":"https:\/\/henkinbrothers.com\/fr\/wp-json\/wp\/v2\/pages\/116","targetHints":{"allow":["GET"]}}],"collection":[{"href":"https:\/\/henkinbrothers.com\/fr\/wp-json\/wp\/v2\/pages"}],"about":[{"href":"https:\/\/henkinbrothers.com\/fr\/wp-json\/wp\/v2\/types\/page"}],"author":[{"embeddable":true,"href":"https:\/\/henkinbrothers.com\/fr\/wp-json\/wp\/v2\/users\/1"}],"replies":[{"embeddable":true,"href":"https:\/\/henkinbrothers.com\/fr\/wp-json\/wp\/v2\/comments?post=116"}],"version-history":[{"count":31,"href":"https:\/\/henkinbrothers.com\/fr\/wp-json\/wp\/v2\/pages\/116\/revisions"}],"predecessor-version":[{"id":161,"href":"https:\/\/henkinbrothers.com\/fr\/wp-json\/wp\/v2\/pages\/116\/revisions\/161"}],"wp:attachment":[{"href":"https:\/\/henkinbrothers.com\/fr\/wp-json\/wp\/v2\/media?parent=116"}],"curies":[{"name":"wp","href":"https:\/\/api.w.org\/{rel}","templated":true}]}}