{"id":140,"date":"2017-05-15T21:09:46","date_gmt":"2017-05-15T19:09:46","guid":{"rendered":"http:\/\/henkinbrothers.com\/?page_id=140"},"modified":"2025-09-12T14:35:24","modified_gmt":"2025-09-12T12:35:24","slug":"projects-and-news","status":"publish","type":"page","link":"https:\/\/henkinbrothers.com\/fr\/projects-and-news\/","title":{"rendered":"Projets et Actualit\u00e9s"},"content":{"rendered":"<p><\/p>\n<h4><span style=\"font-family: Maax;\">\u201c<\/span><span style=\"font-family: Maax;\">EVGENY AND YAKOV HENKIN: INTO THE LIGHT FROM DARKNESS. A REDISCOVERED TREASURE,<\/span><span style=\"font-family: Maax;\">\u201d <\/span> <span style=\"font-family: Maax;\">exposition au Street Photo Milano, Milan, Italie.<\/span><span style=\"font-family: Maax;\">\u00a0du 16 au 19 Mai 2019. Voir <a href=\"https:\/\/www.streetphotomilano.org\/i-fratelli-henkin-en\/\">ici<\/a>.<\/span><\/h4>\n<div id='gallery-1' class='gallery galleryid-140 gallery-columns-4 gallery-size-thumbnail'><figure class='gallery-item'>\n\t\t\t<div class='gallery-icon portrait'>\n\t\t\t\t<a href='https:\/\/henkinbrothers.com\/wp-content\/uploads\/2025\/09\/Milano_5.jpeg'><img loading=\"lazy\" decoding=\"async\" width=\"150\" height=\"150\" src=\"https:\/\/henkinbrothers.com\/wp-content\/uploads\/2025\/09\/Milano_5-150x150.jpeg\" class=\"attachment-thumbnail size-thumbnail\" alt=\"\" \/><\/a>\n\t\t\t<\/div><\/figure><figure class='gallery-item'>\n\t\t\t<div class='gallery-icon landscape'>\n\t\t\t\t<a href='https:\/\/henkinbrothers.com\/wp-content\/uploads\/2025\/09\/Milano_8.jpeg'><img loading=\"lazy\" decoding=\"async\" width=\"150\" height=\"150\" src=\"https:\/\/henkinbrothers.com\/wp-content\/uploads\/2025\/09\/Milano_8-150x150.jpeg\" class=\"attachment-thumbnail size-thumbnail\" alt=\"\" srcset=\"https:\/\/henkinbrothers.com\/wp-content\/uploads\/2025\/09\/Milano_8-150x150.jpeg 150w, https:\/\/henkinbrothers.com\/wp-content\/uploads\/2025\/09\/Milano_8-300x300.jpeg 300w, https:\/\/henkinbrothers.com\/wp-content\/uploads\/2025\/09\/Milano_8-1024x1024.jpeg 1024w, https:\/\/henkinbrothers.com\/wp-content\/uploads\/2025\/09\/Milano_8-768x768.jpeg 768w, https:\/\/henkinbrothers.com\/wp-content\/uploads\/2025\/09\/Milano_8.jpeg 1097w\" sizes=\"auto, (max-width: 150px) 100vw, 150px\" \/><\/a>\n\t\t\t<\/div><\/figure><figure class='gallery-item'>\n\t\t\t<div class='gallery-icon landscape'>\n\t\t\t\t<a href='https:\/\/henkinbrothers.com\/wp-content\/uploads\/2025\/09\/Milano_3.jpeg'><img loading=\"lazy\" decoding=\"async\" width=\"150\" height=\"150\" src=\"https:\/\/henkinbrothers.com\/wp-content\/uploads\/2025\/09\/Milano_3-150x150.jpeg\" class=\"attachment-thumbnail size-thumbnail\" alt=\"\" \/><\/a>\n\t\t\t<\/div><\/figure><figure class='gallery-item'>\n\t\t\t<div class='gallery-icon landscape'>\n\t\t\t\t<a href='https:\/\/henkinbrothers.com\/wp-content\/uploads\/2025\/09\/Milano_6.jpeg'><img loading=\"lazy\" decoding=\"async\" width=\"150\" height=\"150\" src=\"https:\/\/henkinbrothers.com\/wp-content\/uploads\/2025\/09\/Milano_6-150x150.jpeg\" class=\"attachment-thumbnail size-thumbnail\" alt=\"\" srcset=\"https:\/\/henkinbrothers.com\/wp-content\/uploads\/2025\/09\/Milano_6-150x150.jpeg 150w, https:\/\/henkinbrothers.com\/wp-content\/uploads\/2025\/09\/Milano_6-300x300.jpeg 300w, https:\/\/henkinbrothers.com\/wp-content\/uploads\/2025\/09\/Milano_6-1024x1024.jpeg 1024w, https:\/\/henkinbrothers.com\/wp-content\/uploads\/2025\/09\/Milano_6-768x768.jpeg 768w, https:\/\/henkinbrothers.com\/wp-content\/uploads\/2025\/09\/Milano_6.jpeg 1440w\" sizes=\"auto, (max-width: 150px) 100vw, 150px\" \/><\/a>\n\t\t\t<\/div><\/figure><figure class='gallery-item'>\n\t\t\t<div class='gallery-icon landscape'>\n\t\t\t\t<a href='https:\/\/henkinbrothers.com\/wp-content\/uploads\/2025\/09\/Milano_4.jpeg'><img loading=\"lazy\" decoding=\"async\" width=\"150\" height=\"150\" src=\"https:\/\/henkinbrothers.com\/wp-content\/uploads\/2025\/09\/Milano_4-150x150.jpeg\" class=\"attachment-thumbnail size-thumbnail\" alt=\"\" \/><\/a>\n\t\t\t<\/div><\/figure><figure class='gallery-item'>\n\t\t\t<div class='gallery-icon landscape'>\n\t\t\t\t<a href='https:\/\/henkinbrothers.com\/wp-content\/uploads\/2025\/09\/Milano_1.jpeg'><img loading=\"lazy\" decoding=\"async\" width=\"150\" height=\"150\" src=\"https:\/\/henkinbrothers.com\/wp-content\/uploads\/2025\/09\/Milano_1-150x150.jpeg\" class=\"attachment-thumbnail size-thumbnail\" alt=\"\" \/><\/a>\n\t\t\t<\/div><\/figure><figure class='gallery-item'>\n\t\t\t<div class='gallery-icon landscape'>\n\t\t\t\t<a href='https:\/\/henkinbrothers.com\/wp-content\/uploads\/2025\/09\/Milano_7.jpeg'><img loading=\"lazy\" decoding=\"async\" width=\"150\" height=\"150\" src=\"https:\/\/henkinbrothers.com\/wp-content\/uploads\/2025\/09\/Milano_7-150x150.jpeg\" class=\"attachment-thumbnail size-thumbnail\" alt=\"\" \/><\/a>\n\t\t\t<\/div><\/figure>\n\t\t<\/div>\n\n<h4><span style=\"font-family: Maax;\">Exposition \u201cThe Henkin Brothers: A Discovery. People of 1920s-1930s Berlin and Leningrad,\u201d Mus\u00e9e de l\u2019Hermitage, Saint-P\u00e9tersbourg, Russie, 1er juillet-24 septembre 2017.<\/span><\/h4>\n<p><span style=\"font-family: Maax;\">Conservateur : Dr Dmitri Ozerkov, Responsable du D\u00e9partement de l\u2019Art Contemporain, Projet Hermitage 20\/21, Mus\u00e9e de l\u2019Hermitage.<\/span><\/p>\n<p><a href=\"https:\/\/www.hermitagemuseum.org\/what-s-on\/6b5ccdd91270bb6e93971ffb039e2f1c?lng=en\"><span style=\"font-family: Maax;\">Lien vers l&rsquo;exposition<br \/>\n<\/span><\/a><\/p>\n<div id='gallery-2' class='gallery galleryid-140 gallery-columns-3 gallery-size-thumbnail'><figure class='gallery-item'>\n\t\t\t<div class='gallery-icon portrait'>\n\t\t\t\t<a href='https:\/\/henkinbrothers.com\/wp-content\/uploads\/2025\/09\/SP1.jpeg'><img loading=\"lazy\" decoding=\"async\" width=\"150\" height=\"150\" src=\"https:\/\/henkinbrothers.com\/wp-content\/uploads\/2025\/09\/SP1-150x150.jpeg\" class=\"attachment-thumbnail size-thumbnail\" alt=\"\" srcset=\"https:\/\/henkinbrothers.com\/wp-content\/uploads\/2025\/09\/SP1-150x150.jpeg 150w, https:\/\/henkinbrothers.com\/wp-content\/uploads\/2025\/09\/SP1-50x50.jpeg 50w, https:\/\/henkinbrothers.com\/wp-content\/uploads\/2025\/09\/SP1-80x80.jpeg 80w\" sizes=\"auto, (max-width: 150px) 100vw, 150px\" \/><\/a>\n\t\t\t<\/div><\/figure><figure class='gallery-item'>\n\t\t\t<div class='gallery-icon landscape'>\n\t\t\t\t<a href='https:\/\/henkinbrothers.com\/wp-content\/uploads\/2025\/09\/SP2.jpeg'><img loading=\"lazy\" decoding=\"async\" width=\"150\" height=\"150\" src=\"https:\/\/henkinbrothers.com\/wp-content\/uploads\/2025\/09\/SP2-150x150.jpeg\" class=\"attachment-thumbnail size-thumbnail\" alt=\"\" srcset=\"https:\/\/henkinbrothers.com\/wp-content\/uploads\/2025\/09\/SP2-150x150.jpeg 150w, https:\/\/henkinbrothers.com\/wp-content\/uploads\/2025\/09\/SP2-50x50.jpeg 50w, https:\/\/henkinbrothers.com\/wp-content\/uploads\/2025\/09\/SP2-80x80.jpeg 80w\" sizes=\"auto, (max-width: 150px) 100vw, 150px\" \/><\/a>\n\t\t\t<\/div><\/figure><figure class='gallery-item'>\n\t\t\t<div class='gallery-icon landscape'>\n\t\t\t\t<a href='https:\/\/henkinbrothers.com\/wp-content\/uploads\/2025\/09\/SP3.jpeg'><img loading=\"lazy\" decoding=\"async\" width=\"150\" height=\"150\" src=\"https:\/\/henkinbrothers.com\/wp-content\/uploads\/2025\/09\/SP3-150x150.jpeg\" class=\"attachment-thumbnail size-thumbnail\" alt=\"\" srcset=\"https:\/\/henkinbrothers.com\/wp-content\/uploads\/2025\/09\/SP3-150x150.jpeg 150w, https:\/\/henkinbrothers.com\/wp-content\/uploads\/2025\/09\/SP3-300x300.jpeg 300w, https:\/\/henkinbrothers.com\/wp-content\/uploads\/2025\/09\/SP3-768x768.jpeg 768w, https:\/\/henkinbrothers.com\/wp-content\/uploads\/2025\/09\/SP3.jpeg 924w\" sizes=\"auto, (max-width: 150px) 100vw, 150px\" \/><\/a>\n\t\t\t<\/div><\/figure>\n\t\t<\/div>\n\n<hr \/>\n<h4><span style=\"font-family: Maax;\">Projets de recherches, \u00e0 St-P\u00e9tersbourg et \u00e0 Rostov-sur-le-Don et \u00e0 Berlin .<\/span><\/h4>\n<p><\/p>","protected":false},"excerpt":{"rendered":"<p>\u201cEVGENY AND YAKOV HENKIN: INTO THE LIGHT FROM DARKNESS. A REDISCOVERED TREASURE,\u201d exposition au Street Photo Milano, Milan, Italie.\u00a0du 16 au 19 Mai 2019. Voir ici. Exposition \u201cThe Henkin Brothers: A Discovery. People of 1920s-1930s Berlin and Leningrad,\u201d Mus\u00e9e de l\u2019Hermitage, Saint-P\u00e9tersbourg, Russie, 1er juillet-24 septembre 2017. Conservateur : Dr Dmitri Ozerkov, Responsable du D\u00e9partement &hellip; <a href=\"https:\/\/henkinbrothers.com\/fr\/projects-and-news\/\" class=\"more-link\">Continuer la lecture de <span class=\"screen-reader-text\">Projets et Actualit\u00e9s<\/span><\/a><\/p>\n","protected":false},"author":1,"featured_media":0,"parent":0,"menu_order":0,"comment_status":"closed","ping_status":"closed","template":"","meta":{"_exactmetrics_skip_tracking":false,"_exactmetrics_sitenote_active":false,"_exactmetrics_sitenote_note":"","_exactmetrics_sitenote_category":0,"footnotes":""},"class_list":["post-140","page","type-page","status-publish","hentry"],"aioseo_notices":[],"_links":{"self":[{"href":"https:\/\/henkinbrothers.com\/fr\/wp-json\/wp\/v2\/pages\/140","targetHints":{"allow":["GET"]}}],"collection":[{"href":"https:\/\/henkinbrothers.com\/fr\/wp-json\/wp\/v2\/pages"}],"about":[{"href":"https:\/\/henkinbrothers.com\/fr\/wp-json\/wp\/v2\/types\/page"}],"author":[{"embeddable":true,"href":"https:\/\/henkinbrothers.com\/fr\/wp-json\/wp\/v2\/users\/1"}],"replies":[{"embeddable":true,"href":"https:\/\/henkinbrothers.com\/fr\/wp-json\/wp\/v2\/comments?post=140"}],"version-history":[{"count":73,"href":"https:\/\/henkinbrothers.com\/fr\/wp-json\/wp\/v2\/pages\/140\/revisions"}],"predecessor-version":[{"id":610,"href":"https:\/\/henkinbrothers.com\/fr\/wp-json\/wp\/v2\/pages\/140\/revisions\/610"}],"wp:attachment":[{"href":"https:\/\/henkinbrothers.com\/fr\/wp-json\/wp\/v2\/media?parent=140"}],"curies":[{"name":"wp","href":"https:\/\/api.w.org\/{rel}","templated":true}]}}